{"id":291550,"date":"2025-08-22T12:35:07","date_gmt":"2025-08-22T16:35:07","guid":{"rendered":"https:\/\/inspenet.com\/brief-articles\/"},"modified":"2025-11-25T17:10:26","modified_gmt":"2025-11-25T21:10:26","slug":"brief-articles","status":"publish","type":"page","link":"https:\/\/inspenetdesarrollo.com\/en\/brief-articles\/","title":{"rendered":"Brief Articles 4th Edition"},"content":{"rendered":"\n<div id=\"brief-block-214274\" class=\"site-main archive-partners custom-brief-block\">\n  <div class=\"container\">\n\n          <section class=\"cards-grid\" aria-live=\"polite\">\n                  <article class=\"card post-256134 brief type-brief status-publish format-standard has-post-thumbnail hentry categoria_articulos-integridad-mecanica categoria_articulos-non-destructive-test etiqueta_articulos-corrosion-mechanisms etiqueta_articulos-corrosion-prevention-and-control etiqueta_articulos-industrial-ultrasound-ut etiqueta_articulos-nuevas-tecnologias-en-end etiqueta_articulos-prevencion-y-control-de-la-corrosion\">\n            <a href=\"https:\/\/inspenetdesarrollo.com\/en\/brief\/fourth-edition\/environmental-corrosion-ndt\/\">\n                              <div class=\"card-media\">\n                  <img loading=\"lazy\" decoding=\"async\" width=\"300\" height=\"169\" src=\"https:\/\/cdn.inspenet.com\/Optimizacion-de-la-Deteccion-de-Grietas-por-Corrosion-Ambiental-con-Tecnologias-Avanzadas-de-END-300x169.webp\" class=\"attachment-medium size-medium wp-post-image\" alt=\"Inspecci\u00f3n por ultrasonido con equipo de END avanzado sobre superficie met\u00e1lica, enfocada en la detecci\u00f3n de grietas internas mediante t\u00e9cnica de contacto con acoplante.\" srcset=\"https:\/\/cdn.inspenet.com\/Optimizacion-de-la-Deteccion-de-Grietas-por-Corrosion-Ambiental-con-Tecnologias-Avanzadas-de-END-300x169.webp 300w, https:\/\/cdn.inspenet.com\/Optimizacion-de-la-Deteccion-de-Grietas-por-Corrosion-Ambiental-con-Tecnologias-Avanzadas-de-END-1024x576.webp 1024w, https:\/\/cdn.inspenet.com\/Optimizacion-de-la-Deteccion-de-Grietas-por-Corrosion-Ambiental-con-Tecnologias-Avanzadas-de-END-768x432.webp 768w, https:\/\/cdn.inspenet.com\/Optimizacion-de-la-Deteccion-de-Grietas-por-Corrosion-Ambiental-con-Tecnologias-Avanzadas-de-END-1536x864.webp 1536w, https:\/\/cdn.inspenet.com\/Optimizacion-de-la-Deteccion-de-Grietas-por-Corrosion-Ambiental-con-Tecnologias-Avanzadas-de-END-624x351.webp 624w, https:\/\/cdn.inspenet.com\/Optimizacion-de-la-Deteccion-de-Grietas-por-Corrosion-Ambiental-con-Tecnologias-Avanzadas-de-END.webp 1920w\" sizes=\"auto, (max-width: 300px) 100vw, 300px\" \/>                <\/div>\n                            <div class=\"card-body\">\n                <h3 class=\"card-title\">Optimizing environmental corrosion cracking detection with cutting-edge advanced NDT technologies<\/h3>\n                <div class=\"card-meta\">\n                  <span>Mohammed A. Abufour<\/span>\n                  <span>August 23, 2025<\/span>\n                <\/div>\n                <p class=\"card-excerpt\">\n                  Advanced ultrasound and Eddy current techniques reveal SCC, HIC and SwC, guiding strategic integrity and replacement plans.                <\/p>\n              <\/div>\n            <\/a>\n          <\/article>\n                  <article class=\"card post-255796 brief type-brief status-publish format-standard has-post-thumbnail hentry categoria_articulos-energy-transition-new-energies etiqueta_articulos-almacenamiento-de-energia etiqueta_articulos-energy-storage etiqueta_articulos-renewable-energy\">\n            <a href=\"https:\/\/inspenetdesarrollo.com\/en\/brief\/fourth-edition\/electric-storage-in-mexico\/\">\n                              <div class=\"card-media\">\n                  <img loading=\"lazy\" decoding=\"async\" width=\"300\" height=\"169\" src=\"https:\/\/cdn.inspenet.com\/Retos-y-Oportunidades-del-Almacenamiento-Electrico-en-Mexico-300x169.webp\" class=\"attachment-medium size-medium wp-post-image\" alt=\"Infraestructura de almacenamiento de energ\u00eda BESS de ENGIE en planta solar, instalada en zona \u00e1rida, equipada con transformadores, m\u00f3dulos de bater\u00edas y red de transmisi\u00f3n.\" srcset=\"https:\/\/cdn.inspenet.com\/Retos-y-Oportunidades-del-Almacenamiento-Electrico-en-Mexico-300x169.webp 300w, https:\/\/cdn.inspenet.com\/Retos-y-Oportunidades-del-Almacenamiento-Electrico-en-Mexico-1024x576.webp 1024w, https:\/\/cdn.inspenet.com\/Retos-y-Oportunidades-del-Almacenamiento-Electrico-en-Mexico-768x432.webp 768w, https:\/\/cdn.inspenet.com\/Retos-y-Oportunidades-del-Almacenamiento-Electrico-en-Mexico-1536x864.webp 1536w, https:\/\/cdn.inspenet.com\/Retos-y-Oportunidades-del-Almacenamiento-Electrico-en-Mexico-624x351.webp 624w, https:\/\/cdn.inspenet.com\/Retos-y-Oportunidades-del-Almacenamiento-Electrico-en-Mexico.webp 1920w\" sizes=\"auto, (max-width: 300px) 100vw, 300px\" \/>                <\/div>\n                            <div class=\"card-body\">\n                <h3 class=\"card-title\">Challenges and opportunities of electric storage in Mexico<\/h3>\n                <div class=\"card-meta\">\n                  <span>Ana Ludlow<\/span>\n                  <span>August 22, 2025<\/span>\n                <\/div>\n                <p class=\"card-excerpt\">\n                  CRE regulation integrates batteries, intermittency management and grid operation backup through energy storage.                <\/p>\n              <\/div>\n            <\/a>\n          <\/article>\n                  <article class=\"card post-270942 brief type-brief status-publish format-standard has-post-thumbnail hentry categoria_articulos-energy-transition-new-energies etiqueta_articulos-decarbonization etiqueta_articulos-emissions-reduction etiqueta_articulos-renewable-energy\">\n            <a href=\"https:\/\/inspenetdesarrollo.com\/en\/brief\/fourth-edition\/becht-60-years-excellence\/\">\n                              <div class=\"card-media\">\n                  <img loading=\"lazy\" decoding=\"async\" width=\"300\" height=\"169\" src=\"https:\/\/cdn.inspenet.com\/Becht-%E2%80%93-60-Years-of-Excellence-1964-%E2%80%93-2024-300x169.webp\" class=\"attachment-medium size-medium wp-post-image\" alt=\"Ingeniero con tablet supervisa procesos digitales avanzados en instalaciones industriales, reflejando innovaci\u00f3n tecnol\u00f3gica en el sector energ\u00e9tico.\" srcset=\"https:\/\/cdn.inspenet.com\/Becht-%E2%80%93-60-Years-of-Excellence-1964-%E2%80%93-2024-300x169.webp 300w, https:\/\/cdn.inspenet.com\/Becht-%E2%80%93-60-Years-of-Excellence-1964-%E2%80%93-2024-1024x576.webp 1024w, https:\/\/cdn.inspenet.com\/Becht-%E2%80%93-60-Years-of-Excellence-1964-%E2%80%93-2024-768x432.webp 768w, https:\/\/cdn.inspenet.com\/Becht-%E2%80%93-60-Years-of-Excellence-1964-%E2%80%93-2024-1536x864.webp 1536w, https:\/\/cdn.inspenet.com\/Becht-%E2%80%93-60-Years-of-Excellence-1964-%E2%80%93-2024-624x351.webp 624w, https:\/\/cdn.inspenet.com\/Becht-%E2%80%93-60-Years-of-Excellence-1964-%E2%80%93-2024.webp 1920w\" sizes=\"auto, (max-width: 300px) 100vw, 300px\" \/>                <\/div>\n                            <div class=\"card-body\">\n                <h3 class=\"card-title\">Becht: 60 years of excellence 1964 \u2013 2024<\/h3>\n                <div class=\"card-meta\">\n                  <span>Becht<\/span>\n                  <span>August 22, 2025<\/span>\n                <\/div>\n                <p class=\"card-excerpt\">\n                  Becht uses AI, knowledge tools and talent to solve energy challenges, improve reliability and cut plant emissions.                <\/p>\n              <\/div>\n            <\/a>\n          <\/article>\n                  <article class=\"card post-255794 brief type-brief status-publish format-standard has-post-thumbnail hentry categoria_articulos-norms-standars categoria_articulos-mechanical-integrity\">\n            <a href=\"https:\/\/inspenetdesarrollo.com\/en\/brief\/fourth-edition\/rbi-ffs-tools-inspection\/\">\n                              <div class=\"card-media\">\n                  <img loading=\"lazy\" decoding=\"async\" width=\"300\" height=\"169\" src=\"https:\/\/cdn.inspenet.com\/Vista-de-una-planta-industrial-al-atardecer-con-columnas-de-humo-y-una-linea-de-tuberia-300x169.webp\" class=\"attachment-medium size-medium wp-post-image\" alt=\"Vista de una planta industrial al atardecer con columnas de humo y una l\u00ednea de tuber\u00eda de gran di\u00e1metro que se extiende hacia el horizonte, representando infraestructura cr\u00edtica en la industria de hidrocarburos.\" srcset=\"https:\/\/cdn.inspenet.com\/Vista-de-una-planta-industrial-al-atardecer-con-columnas-de-humo-y-una-linea-de-tuberia-300x169.webp 300w, https:\/\/cdn.inspenet.com\/Vista-de-una-planta-industrial-al-atardecer-con-columnas-de-humo-y-una-linea-de-tuberia-1024x576.webp 1024w, https:\/\/cdn.inspenet.com\/Vista-de-una-planta-industrial-al-atardecer-con-columnas-de-humo-y-una-linea-de-tuberia-768x432.webp 768w, https:\/\/cdn.inspenet.com\/Vista-de-una-planta-industrial-al-atardecer-con-columnas-de-humo-y-una-linea-de-tuberia-1536x864.webp 1536w, https:\/\/cdn.inspenet.com\/Vista-de-una-planta-industrial-al-atardecer-con-columnas-de-humo-y-una-linea-de-tuberia-624x351.webp 624w, https:\/\/cdn.inspenet.com\/Vista-de-una-planta-industrial-al-atardecer-con-columnas-de-humo-y-una-linea-de-tuberia.webp 1920w\" sizes=\"auto, (max-width: 300px) 100vw, 300px\" \/>                <\/div>\n                            <div class=\"card-body\">\n                <h3 class=\"card-title\">RBI and FFS as decision-making tools for deferring equipment inspection<\/h3>\n                <div class=\"card-meta\">\n                  <span>Penspen<\/span>\n                  <span>August 22, 2025<\/span>\n                <\/div>\n                <p class=\"card-excerpt\">\n                  RBI and FFS estimate risks, remaining life and set inspection intervals according to the condition of each equipment.                <\/p>\n              <\/div>\n            <\/a>\n          <\/article>\n                  <article class=\"card post-255800 brief type-brief status-publish format-standard has-post-thumbnail hentry categoria_articulos-assets categoria_articulos-integridad-mecanica etiqueta_articulos-industrial-valves etiqueta_articulos-valvulas-industriales\">\n            <a href=\"https:\/\/inspenetdesarrollo.com\/en\/brief\/fourth-edition\/api-6d-valves-hydrogen\/\">\n                              <div class=\"card-media\">\n                  <img loading=\"lazy\" decoding=\"async\" width=\"300\" height=\"169\" src=\"https:\/\/cdn.inspenet.com\/Actualizacion-del-estandar-de-valvulas-API-para-abordar-el-servicio-de-gas-hidrogeno-300x169.webp\" class=\"attachment-medium size-medium wp-post-image\" alt=\"Ingeniero industrial con casco y chaleco reflectante observa una planta de almacenamiento de hidr\u00f3geno, con tanques met\u00e1licos marcados con \u201cH\u2082\u201d.\" srcset=\"https:\/\/cdn.inspenet.com\/Actualizacion-del-estandar-de-valvulas-API-para-abordar-el-servicio-de-gas-hidrogeno-300x169.webp 300w, https:\/\/cdn.inspenet.com\/Actualizacion-del-estandar-de-valvulas-API-para-abordar-el-servicio-de-gas-hidrogeno-1024x576.webp 1024w, https:\/\/cdn.inspenet.com\/Actualizacion-del-estandar-de-valvulas-API-para-abordar-el-servicio-de-gas-hidrogeno-768x432.webp 768w, https:\/\/cdn.inspenet.com\/Actualizacion-del-estandar-de-valvulas-API-para-abordar-el-servicio-de-gas-hidrogeno-1536x864.webp 1536w, https:\/\/cdn.inspenet.com\/Actualizacion-del-estandar-de-valvulas-API-para-abordar-el-servicio-de-gas-hidrogeno-624x351.webp 624w, https:\/\/cdn.inspenet.com\/Actualizacion-del-estandar-de-valvulas-API-para-abordar-el-servicio-de-gas-hidrogeno.webp 1920w\" sizes=\"auto, (max-width: 300px) 100vw, 300px\" \/>                <\/div>\n                            <div class=\"card-body\">\n                <h3 class=\"card-title\">API valve standard updated to address hydrogen gas service<\/h3>\n                <div class=\"card-meta\">\n                  <span>Anchal Liddar<\/span>\n                  <span>August 22, 2025<\/span>\n                <\/div>\n                <p class=\"card-excerpt\">\n                  API 6D update requires design and material validation to ensure the safety of valves operating with hydrogen gas.                <\/p>\n              <\/div>\n            <\/a>\n          <\/article>\n                  <article class=\"card post-255810 brief type-brief status-publish format-standard has-post-thumbnail hentry categoria_articulos-technology etiqueta_articulos-analysis-software etiqueta_articulos-software-de-analisis\">\n            <a href=\"https:\/\/inspenetdesarrollo.com\/en\/brief\/fourth-edition\/online-bacterial-detection\/\">\n                              <div class=\"card-media\">\n                  <img loading=\"lazy\" decoding=\"async\" width=\"300\" height=\"169\" src=\"https:\/\/cdn.inspenet.com\/Equipo-portatil-de-BactiQuant-300x169.webp\" class=\"attachment-medium size-medium wp-post-image\" alt=\"Muestreo de agua con equipo port\u00e1til de BactiQuant mientras una app m\u00f3vil gestiona el tiempo de incubaci\u00f3n bacteriana.\" srcset=\"https:\/\/cdn.inspenet.com\/Equipo-portatil-de-BactiQuant-300x169.webp 300w, https:\/\/cdn.inspenet.com\/Equipo-portatil-de-BactiQuant-1024x576.webp 1024w, https:\/\/cdn.inspenet.com\/Equipo-portatil-de-BactiQuant-768x432.webp 768w, https:\/\/cdn.inspenet.com\/Equipo-portatil-de-BactiQuant-1536x864.webp 1536w, https:\/\/cdn.inspenet.com\/Equipo-portatil-de-BactiQuant-624x351.webp 624w, https:\/\/cdn.inspenet.com\/Equipo-portatil-de-BactiQuant.webp 1920w\" sizes=\"auto, (max-width: 300px) 100vw, 300px\" \/>                <\/div>\n                            <div class=\"card-body\">\n                <h3 class=\"card-title\">BactiQuant: Leading the way in bacterial detection with mobile and online monitoring<\/h3>\n                <div class=\"card-meta\">\n                  <span>BactiQuant<\/span>\n                  <span>August 22, 2025<\/span>\n                <\/div>\n                <p class=\"card-excerpt\">\n                  BactiQuant combines mobile and online measurement to detect bacteria in water and target biocides before damage.                <\/p>\n              <\/div>\n            <\/a>\n          <\/article>\n                  <article class=\"card post-255801 brief type-brief status-publish format-standard has-post-thumbnail hentry categoria_articulos-corrosion-and-materials categoria_articulos-mechanical-integrity etiqueta_articulos-corrosion-prevention-and-control etiqueta_articulos-energy-transition etiqueta_articulos-energy-transition-safety etiqueta_articulos-reliability-in-renewable-energy etiqueta_articulos-seguridad-transicion-energetica\">\n            <a href=\"https:\/\/inspenetdesarrollo.com\/en\/brief\/fourth-edition\/corrosion-control-safe-assets\/\">\n                              <div class=\"card-media\">\n                  <img loading=\"lazy\" decoding=\"async\" width=\"300\" height=\"169\" src=\"https:\/\/cdn.inspenet.com\/Salvaguardando-el-Futuro-El-papel-del-Control-de-la-Corrosion-en-el-Sector-Energetico-en-Evolucion-300x169.webp\" class=\"attachment-medium size-medium wp-post-image\" alt=\"Inspector t\u00e9cnico realiza medici\u00f3n con equipo ultras\u00f3nico sobre una tuber\u00eda corro\u00edda en una plataforma offshore, como parte de pr\u00e1cticas de control de corrosi\u00f3n.\" srcset=\"https:\/\/cdn.inspenet.com\/Salvaguardando-el-Futuro-El-papel-del-Control-de-la-Corrosion-en-el-Sector-Energetico-en-Evolucion-300x169.webp 300w, https:\/\/cdn.inspenet.com\/Salvaguardando-el-Futuro-El-papel-del-Control-de-la-Corrosion-en-el-Sector-Energetico-en-Evolucion-1024x576.webp 1024w, https:\/\/cdn.inspenet.com\/Salvaguardando-el-Futuro-El-papel-del-Control-de-la-Corrosion-en-el-Sector-Energetico-en-Evolucion-768x432.webp 768w, https:\/\/cdn.inspenet.com\/Salvaguardando-el-Futuro-El-papel-del-Control-de-la-Corrosion-en-el-Sector-Energetico-en-Evolucion-1536x864.webp 1536w, https:\/\/cdn.inspenet.com\/Salvaguardando-el-Futuro-El-papel-del-Control-de-la-Corrosion-en-el-Sector-Energetico-en-Evolucion-624x351.webp 624w, https:\/\/cdn.inspenet.com\/Salvaguardando-el-Futuro-El-papel-del-Control-de-la-Corrosion-en-el-Sector-Energetico-en-Evolucion.webp 1920w\" sizes=\"auto, (max-width: 300px) 100vw, 300px\" \/>                <\/div>\n                            <div class=\"card-body\">\n                <h3 class=\"card-title\">Safeguarding the future: The role of corrosion control in the evolving energy sector<\/h3>\n                <div class=\"card-meta\">\n                  <span>Alan Thomas<\/span>\n                  <span>August 22, 2025<\/span>\n                <\/div>\n                <p class=\"card-excerpt\">\n                  AMPP standards strengthen corrosion control in energy assets, reduce risks and costs during the transition.                <\/p>\n              <\/div>\n            <\/a>\n          <\/article>\n                  <article class=\"card post-271543 brief type-brief status-publish format-standard has-post-thumbnail hentry categoria_articulos-energy-transition-new-energies etiqueta_articulos-educacion-y-conciencia-energetica etiqueta_articulos-energy-education-and-awareness etiqueta_articulos-sustainable-mobility\">\n            <a href=\"https:\/\/inspenetdesarrollo.com\/en\/brief\/fourth-edition\/safety-in-electric-vehicles\/\">\n                              <div class=\"card-media\">\n                  <img loading=\"lazy\" decoding=\"async\" width=\"300\" height=\"169\" src=\"https:\/\/cdn.inspenet.com\/Los-vehiculos-electricos-y-la-seguridad-al-usuario-300x169.webp\" class=\"attachment-medium size-medium wp-post-image\" alt=\"Comparaci\u00f3n ilustrativa entre un veh\u00edculo de combusti\u00f3n interna incendiado y un veh\u00edculo el\u00e9ctrico carg\u00e1ndose de forma segura en una estaci\u00f3n de carga urbana.\" srcset=\"https:\/\/cdn.inspenet.com\/Los-vehiculos-electricos-y-la-seguridad-al-usuario-300x169.webp 300w, https:\/\/cdn.inspenet.com\/Los-vehiculos-electricos-y-la-seguridad-al-usuario-1024x576.webp 1024w, https:\/\/cdn.inspenet.com\/Los-vehiculos-electricos-y-la-seguridad-al-usuario-768x432.webp 768w, https:\/\/cdn.inspenet.com\/Los-vehiculos-electricos-y-la-seguridad-al-usuario-1536x864.webp 1536w, https:\/\/cdn.inspenet.com\/Los-vehiculos-electricos-y-la-seguridad-al-usuario-624x351.webp 624w, https:\/\/cdn.inspenet.com\/Los-vehiculos-electricos-y-la-seguridad-al-usuario.webp 1920w\" sizes=\"auto, (max-width: 300px) 100vw, 300px\" \/>                <\/div>\n                            <div class=\"card-body\">\n                <h3 class=\"card-title\">Electric vehicles and user safety<\/h3>\n                <div class=\"card-meta\">\n                  <span>Yolanda Villegas<\/span>\n                  <span>August 22, 2025<\/span>\n                <\/div>\n                <p class=\"card-excerpt\">\n                  Fire data confirm that electric vehicles are safer than combustion vehicles; shutdown systems and coatings mitigate risks.                <\/p>\n              <\/div>\n            <\/a>\n          <\/article>\n                  <article class=\"card post-256142 brief type-brief status-publish format-standard has-post-thumbnail hentry categoria_articulos-non-destructive-test etiqueta_articulos-nuevas-tecnologias-en-end\">\n            <a href=\"https:\/\/inspenetdesarrollo.com\/en\/brief\/fourth-edition\/ndt-4-0-iot-saas-ai-ndt\/\">\n                              <div class=\"card-media\">\n                  <img loading=\"lazy\" decoding=\"async\" width=\"300\" height=\"200\" src=\"https:\/\/cdn.inspenet.com\/NDT-4.0-Revolucionando-los-Ensayos-No-Destructivos-con-IoT-SaaS-y-Tecnologias-de-Monitoreo-Remoto-300x200.webp\" class=\"attachment-medium size-medium wp-post-image\" alt=\"Comparaci\u00f3n entre un t\u00e9cnico de END realizando una inspecci\u00f3n manual tradicional y otro t\u00e9cnico operando con interfaces digitales y tecnolog\u00edas avanzadas como IoT e inteligencia artificial.\" srcset=\"https:\/\/cdn.inspenet.com\/NDT-4.0-Revolucionando-los-Ensayos-No-Destructivos-con-IoT-SaaS-y-Tecnologias-de-Monitoreo-Remoto-300x200.webp 300w, https:\/\/cdn.inspenet.com\/NDT-4.0-Revolucionando-los-Ensayos-No-Destructivos-con-IoT-SaaS-y-Tecnologias-de-Monitoreo-Remoto-1024x683.webp 1024w, https:\/\/cdn.inspenet.com\/NDT-4.0-Revolucionando-los-Ensayos-No-Destructivos-con-IoT-SaaS-y-Tecnologias-de-Monitoreo-Remoto-768x512.webp 768w, https:\/\/cdn.inspenet.com\/NDT-4.0-Revolucionando-los-Ensayos-No-Destructivos-con-IoT-SaaS-y-Tecnologias-de-Monitoreo-Remoto-624x416.webp 624w, https:\/\/cdn.inspenet.com\/NDT-4.0-Revolucionando-los-Ensayos-No-Destructivos-con-IoT-SaaS-y-Tecnologias-de-Monitoreo-Remoto.webp 1536w\" sizes=\"auto, (max-width: 300px) 100vw, 300px\" \/>                <\/div>\n                            <div class=\"card-body\">\n                <h3 class=\"card-title\">NDT 4.0: Revolutionizing non-destructive testing with IoT, SaaS, and remote monitoring technologies<\/h3>\n                <div class=\"card-meta\">\n                  <span>Joshua De Monbrun<\/span>\n                  <span>August 22, 2025<\/span>\n                <\/div>\n                <p class=\"card-excerpt\">\n                  NDT 4.0 introduces IoT, SaaS and AI for remote monitoring, automated analysis and efficient data management in Nondestructive Testing.                <\/p>\n              <\/div>\n            <\/a>\n          <\/article>\n              <\/section>\n\n      <nav class=\"pagination\" aria-label=\"Pagination\">\n        <ul class='page-numbers'>\n\t<li><span aria-current=\"page\" class=\"page-numbers current\">1<\/span><\/li>\n\t<li><a class=\"page-numbers\" href=\"https:\/\/inspenetdesarrollo.com\/en\/wp-json\/wp\/v2\/pages\/291550\/?paged=2\">2<\/a><\/li>\n\t<li><a class=\"page-numbers\" href=\"https:\/\/inspenetdesarrollo.com\/en\/wp-json\/wp\/v2\/pages\/291550\/?paged=3\">3<\/a><\/li>\n\t<li><a class=\"page-numbers\" href=\"https:\/\/inspenetdesarrollo.com\/en\/wp-json\/wp\/v2\/pages\/291550\/?paged=4\">4<\/a><\/li>\n\t<li><a class=\"next page-numbers\" href=\"https:\/\/inspenetdesarrollo.com\/en\/wp-json\/wp\/v2\/pages\/291550\/?paged=2\">\u00bb<\/a><\/li>\n<\/ul>\n      <\/nav>\n\n    \n  <\/div>\n<\/div>\n\n<style>\n.header{\n    max-width: 1200px;\n    margin: 20px auto;   \n}\n\/* Contenedor general (apoya al .container del tema) *\/\n.archive-partners {\n  --maxw: 1200px;      \/* aj\u00fastalo si tu sitio usa otro ancho *\/\n  --gap: 20px;\n}\n\n.archive-partners .container {\n  max-width: var(--maxw);\n  margin-inline: auto;\n  padding-inline: 16px;\n}\n\n\/* Cabecera *\/\n.archive-partners .page-header { margin: 18px 0 14px; }\n.archive-partners .page-title  { margin: 0 0 6px; font-weight: 800; }\n.archive-partners .page-intro  { color: #4b5563; }\n\n\/* GRID *\/\n.cards-grid{\n  display: grid;\n  gap: var(--gap);\n  grid-template-columns: 1fr;            \/* m\u00f3vil: 1 col *\/\n}\n\n\/* \u2265640px: 2 columnas *\/\n@media (min-width: 640px){\n  .cards-grid{ grid-template-columns: repeat(2, minmax(0,1fr)); }\n}\n\n\/* \u22651024px: 3 columnas *\/\n@media (min-width: 1024px){\n  .cards-grid{ grid-template-columns: repeat(3, minmax(0,1fr)); }\n}\n\n\/* CARD *\/\n.card{\n  border: 1px solid #e8e8ea;\n  border-radius: 12px;\n  overflow: hidden;\n  background: #fff;\n  display: flex;\n  flex-direction: column;\n  min-height: 100%;\n}\n\n.card a{\n  display: block;\n  color: inherit;\n  text-decoration: none;\n  height: 100%;\n}\n\n.card-media{\n  aspect-ratio: 16\/9;\n  overflow: hidden;\n}\n\n.card-media img{\n  width: 100%;\n  height: 100%;\n  object-fit: cover;\n  display: block;\n}\n\n.card-body{ padding: 14px; }\n.card-title{\n  font-size: 18px;\n  line-height: 1.3;\n  margin: 0 0 8px;\n}\n.card-meta{\n  display: flex;\n  justify-content: space-between;\n  font-size: 12px;\n  color: #6c757d;\n  margin: 0 0 8px;\n}\n.card-excerpt{\n  font-size: 14px;\n  color: #444;\n  margin: 0;\n}\n\n\/* Paginaci\u00f3n *\/\n.pagination{ margin: 24px 0 12px; }\n.pagination ul{\n  display: flex;\n  gap: 8px;\n  list-style: none;\n  padding: 0;\n  margin: 0;\n  justify-content: center;\n  flex-wrap: wrap;\n  text-align: center;\n}\n.pagination li a,\n.pagination li span{\n  display: inline-block;\n  padding: 8px 12px;\n  border-radius: 8px;\n  border: 1px solid #e5e7eb;\n  text-decoration: none;\n  color: #111827;\n}\n.pagination li .current{\n  background: #111827;\n  color: #fff;\n  border-color: #111827;\n}\n\n<\/style>\n","protected":false},"excerpt":{"rendered":"","protected":false},"author":15,"featured_media":0,"parent":0,"menu_order":0,"comment_status":"closed","ping_status":"closed","template":"","meta":{"_acf_changed":false,"_bbp_topic_count":0,"_bbp_reply_count":0,"_bbp_total_topic_count":0,"_bbp_total_reply_count":0,"_bbp_voice_count":0,"_bbp_anonymous_reply_count":0,"_bbp_topic_count_hidden":0,"_bbp_reply_count_hidden":0,"_bbp_forum_subforum_count":0,"footnotes":""},"class_list":["post-291550","page","type-page","status-publish","hentry"],"acf":[],"_links":{"self":[{"href":"https:\/\/inspenetdesarrollo.com\/en\/wp-json\/wp\/v2\/pages\/291550","targetHints":{"allow":["GET"]}}],"collection":[{"href":"https:\/\/inspenetdesarrollo.com\/en\/wp-json\/wp\/v2\/pages"}],"about":[{"href":"https:\/\/inspenetdesarrollo.com\/en\/wp-json\/wp\/v2\/types\/page"}],"author":[{"embeddable":true,"href":"https:\/\/inspenetdesarrollo.com\/en\/wp-json\/wp\/v2\/users\/15"}],"replies":[{"embeddable":true,"href":"https:\/\/inspenetdesarrollo.com\/en\/wp-json\/wp\/v2\/comments?post=291550"}],"version-history":[{"count":0,"href":"https:\/\/inspenetdesarrollo.com\/en\/wp-json\/wp\/v2\/pages\/291550\/revisions"}],"wp:attachment":[{"href":"https:\/\/inspenetdesarrollo.com\/en\/wp-json\/wp\/v2\/media?parent=291550"}],"curies":[{"name":"wp","href":"https:\/\/api.w.org\/{rel}","templated":true}]}}